{"id":3026,"date":"2020-08-09T11:26:05","date_gmt":"2020-08-09T09:26:05","guid":{"rendered":"https:\/\/www.corpismaps.com\/integrace\/"},"modified":"2020-01-08T16:01:15","modified_gmt":"2020-01-08T15:01:15","slug":"integration","status":"publish","type":"page","link":"https:\/\/www.corpismaps.com\/en\/integration\/","title":{"rendered":"Integration_new"},"content":{"rendered":"<p>[et_pb_section fb_built=&#8221;1&#8243; module_id=&#8221;preplatne&#8221; _builder_version=&#8221;3.22.3&#8243; border_width_top=&#8221;1px&#8221; border_color_top=&#8221;#eee&#8221;][et_pb_row _builder_version=&#8221;3.26.6&#8243; max_width=&#8221;900px&#8221; custom_padding=&#8221;27px|0px|37px|0px|false|false&#8221; use_custom_width=&#8221;on&#8221; custom_width_px=&#8221;900px&#8221;][et_pb_column type=&#8221;4_4&#8243; _builder_version=&#8221;3.25&#8243; custom_padding=&#8221;|||&#8221; custom_padding__hover=&#8221;|||&#8221;][et_pb_text _builder_version=&#8221;3.27.4&#8243; header_font=&#8221;||||||||&#8221; header_2_font=&#8221;||||||||&#8221; header_4_font=&#8221;Montserrat|700|||||||&#8221; header_4_text_align=&#8221;left&#8221; custom_padding=&#8221;||0px&#8221; header_2_font_size_tablet=&#8221;&#8221; header_2_font_size_phone=&#8221;30px&#8221; header_2_font_size_last_edited=&#8221;on|desktop&#8221;]<\/p>\n<h4>INTEGRACE<\/h4>\n<h2>Integrace Corpis Maps<\/h2>\n<p>[\/et_pb_text][et_pb_text _builder_version=&#8221;3.27.4&#8243;]<\/p>\n<h3>CRM, ERP, Business Intelligence, E-commerce, &#8230;<\/h3>\n<p><span style=\"font-size: large;\"><strong>Jste progresivn\u00ed a inovativn\u00ed v\u00fdrobce informa\u010dn\u00edho syst\u00e9mu?\u00a0<\/strong>Chcete pro sv\u00e9 z\u00e1kazn\u00edky v\u017edy to nejlep\u0161\u00ed? <strong>D\u00edky Corpis Maps umo\u017en\u00edte<\/strong><span><strong>\u00a0va\u0161im z\u00e1kazn\u00edk\u016fm vyu\u017e\u00edt potenci\u00e1l obchodn\u00edch dat na 100%.<\/strong> V mana\u017eersk\u00e9 map\u011b mohou sledovat svoje z\u00e1kazn\u00edky, obchodn\u00ed p\u0159\u00edpady, napl\u00e1novan\u00e9 sch\u016fzky, neuhrazen\u00e9 faktury nebo jak\u00e1koliv jin\u00e1 data, kter\u00e1 jsou ulo\u017eena ve va\u0161em syst\u00e9mu.<br \/><\/span><\/span><\/p>\n<p>[\/et_pb_text][et_pb_button button_url=&#8221;\/cs\/predplatne\/?integration-top&#8221; button_text=&#8221;Integrovat Corpis Maps&#8221; button_alignment=&#8221;left&#8221; _builder_version=&#8221;3.26.6&#8243; custom_button=&#8221;on&#8221; button_text_size=&#8221;18px&#8221; button_text_color=&#8221;#ffffff&#8221; button_bg_color=&#8221;#17c1a4&#8243; button_border_width=&#8221;0px&#8221; button_border_color=&#8221;#17c1a4&#8243; button_border_radius=&#8221;32px&#8221; button_font=&#8221;Montserrat||||||||&#8221; button_use_icon=&#8221;off&#8221; button_rel=&#8221;off|off|off|off|off&#8221; custom_margin=&#8221;50px||||false|false&#8221; custom_margin_tablet=&#8221;&#8221; custom_margin_phone=&#8221;&#8221; custom_margin_last_edited=&#8221;on|desktop&#8221; hover_transition_delay=&#8221;50ms&#8221; hover_transition_speed_curve=&#8221;ease-in-out&#8221; custom_css_after=&#8221;||&#8221; locked=&#8221;off&#8221;][\/et_pb_button][\/et_pb_column][\/et_pb_row][et_pb_row _builder_version=&#8221;3.26.6&#8243; max_width=&#8221;900px&#8221; custom_margin=&#8221;10px||||false|false&#8221;][et_pb_column type=&#8221;4_4&#8243; _builder_version=&#8221;3.26.6&#8243;][et_pb_text _builder_version=&#8221;3.27.4&#8243;]<\/p>\n<h3><span style=\"font-size: xx-large;\">Unik\u00e1tn\u00ed pohled na data<\/span><\/h3>\n<p>[\/et_pb_text][et_pb_text _builder_version=&#8221;3.27.4&#8243;]<\/p>\n<p><span style=\"font-size: large;\"><strong>Body s detailn\u00edmi informacemi <\/strong><\/span><\/p>\n<p><span style=\"font-size: large;\">Jednoduch\u00e9 a p\u0159ehledn\u00e9 zobrazen\u00ed bod\u016f v mana\u017eersk\u00e9 map\u011b m\u016f\u017eete doplnit o detailn\u00ed informa\u010dn\u00ed panel, kde bude m\u00edt u\u017eivatel k dispozici <span>v\u0161echny <\/span>d\u016fle\u017eit\u00e9 informace, grafy i nap\u0159. odkaz na kartu z\u00e1kazn\u00edka v r\u00e1mci va\u0161eho syst\u00e9mu.\u00a0\u00a0<\/span><\/p>\n<p>[\/et_pb_text][et_pb_image src=&#8221;https:\/\/www.corpismaps.com\/wp-content\/uploads\/2019\/08\/2019-08-09_10h13_42.png&#8221; _builder_version=&#8221;3.26.6&#8243; max_width=&#8221;750px&#8221;][\/et_pb_image][et_pb_text _builder_version=&#8221;3.27.4&#8243; custom_margin=&#8221;||||false|false&#8221; custom_padding=&#8221;40px||||false|false&#8221;]<\/p>\n<p><strong style=\"font-size: large;\">Agregace v \u00fazemn\u00edch celc\u00edch v\u010detn\u011b \u010dasov\u00fdch \u0159ad<\/strong><\/p>\n<p><span style=\"font-size: large;\">Body a souvisej\u00edc\u00ed \u010d\u00edseln\u00e9 \u00fadaje (nap\u0159. po\u010det z\u00e1kazn\u00edk\u016f, celkov\u00e9 tr\u017eby) lze zobrazit i v agregovan\u00e9 podob\u011b v kraj\u00edch, okresech nebo ORP (obce s roz\u0161\u00ed\u0159enou p\u016fsobnost\u00ed). Sledovan\u00e9 \u00fadaje v map\u011b m\u016f\u017eete u\u017eivatel\u016fm nastavit dle pot\u0159eby.<\/span><\/p>\n<p>[\/et_pb_text][et_pb_image src=&#8221;https:\/\/www.corpismaps.com\/wp-content\/uploads\/2019\/08\/2019-08-09_10h10_42.png&#8221; _builder_version=&#8221;3.26.6&#8243; max_width=&#8221;750px&#8221;][\/et_pb_image][et_pb_text _builder_version=&#8221;3.27.4&#8243; custom_margin=&#8221;||||false|false&#8221; custom_padding=&#8221;40px||||false|false&#8221;]<\/p>\n<p><strong style=\"font-size: large;\">Barevn\u011b odli\u0161en\u00e9 body dle hodnot z \u010d\u00edseln\u00edk\u016f<\/strong><\/p>\n<p><span style=\"font-size: large;\">\u010c\u00edseln\u00edky, kter\u00e9 pou\u017e\u00edv\u00e1te ve va\u0161em syst\u00e9mu, m\u016f\u017eete vyu\u017e\u00edt i v Corpis Maps. Tento zp\u016fsob zobrazen\u00ed dat je pro u\u017eivatele velmi p\u0159ehledn\u00fd a umo\u017e\u0148uje snadnou orientaci a anal\u00fdzu dat.<\/span><\/p>\n<p>[\/et_pb_text][et_pb_image src=&#8221;https:\/\/www.corpismaps.com\/wp-content\/uploads\/2019\/08\/2019-08-09_10h20_09.png&#8221; _builder_version=&#8221;3.26.6&#8243; max_width=&#8221;750px&#8221;][\/et_pb_image][et_pb_text _builder_version=&#8221;3.27.4&#8243; custom_margin=&#8221;||||false|false&#8221; custom_padding=&#8221;40px||||false|false&#8221;]<\/p>\n<p><strong style=\"font-size: large;\">Mana\u017eersk\u00e9 mapy na m\u00edru va\u0161emu syst\u00e9mu<\/strong><\/p>\n<p><span style=\"font-size: large;\">D\u00edky vizu\u00e1ln\u00edmu konfigura\u010dn\u00edmu n\u00e1stroji Corpis Maps Creator si m\u016f\u017eete vytvo\u0159it mana\u017eerskou mapu p\u0159esn\u011b podle va\u0161ich pot\u0159eb v\u010detn\u011b zp\u016fsobu zobrazen\u00ed dat, barev, popisk\u016f, filtr\u016f, vyhled\u00e1v\u00e1n\u00ed, atd.<\/span><\/p>\n<p>[\/et_pb_text][et_pb_text _builder_version=&#8221;3.27.4&#8243; custom_margin=&#8221;||||false|false&#8221; custom_padding=&#8221;40px||||false|false&#8221;]<\/p>\n<p><span style=\"font-size: large;\"><strong>M\u00e1te z\u00e1jem o integraci Corpis Maps? <br \/><\/strong>Kontaktujte n\u00e1s a r\u00e1di v\u00e1m sd\u011bl\u00edme ve\u0161ker\u00e9 technick\u00e9 detaily.<\/span><\/p>\n<p>[\/et_pb_text][\/et_pb_column][\/et_pb_row][et_pb_row _builder_version=&#8221;3.26.6&#8243; max_width=&#8221;900px&#8221; custom_padding=&#8221;0|0px|27px|0px|false|false&#8221;][et_pb_column type=&#8221;4_4&#8243; _builder_version=&#8221;3.25&#8243; custom_padding=&#8221;|||&#8221; custom_padding__hover=&#8221;|||&#8221;][et_pb_button button_url=&#8221;\/cs\/predplatne\/?integration-bottom&#8221; button_text=&#8221;Integrovat Corpis Maps&#8221; button_alignment=&#8221;left&#8221; _builder_version=&#8221;3.26.7&#8243; custom_button=&#8221;on&#8221; button_text_size=&#8221;18px&#8221; button_text_color=&#8221;#ffffff&#8221; button_bg_color=&#8221;#17c1a4&#8243; button_border_width=&#8221;0px&#8221; button_border_color=&#8221;#17c1a4&#8243; button_border_radius=&#8221;32px&#8221; button_font=&#8221;Montserrat||||||||&#8221; button_use_icon=&#8221;off&#8221; button_rel=&#8221;off|off|off|off|off&#8221; custom_margin=&#8221;30px||||false|false&#8221; custom_margin_tablet=&#8221;&#8221; custom_margin_phone=&#8221;&#8221; custom_margin_last_edited=&#8221;on|desktop&#8221; hover_transition_delay=&#8221;50ms&#8221; hover_transition_speed_curve=&#8221;ease-in-out&#8221; custom_css_main_element=&#8221;box-shadow: 0 1px 6px rgba(0,0,0,.25);&#8221; custom_css_after=&#8221;||&#8221; locked=&#8221;off&#8221; custom_css_main_element__hover_enabled=&#8221;on&#8221; custom_css_main_element__hover=&#8221;box-shadow: 0 3px 12px rgba(0,0,0,.5)!important;||background-color: #1d8987!important;&#8221;][\/et_pb_button][\/et_pb_column][\/et_pb_row][\/et_pb_section]<\/p>\n","protected":false},"excerpt":{"rendered":"<p>INTEGRACE Integrace Corpis MapsCRM, ERP, Business Intelligence, E-commerce, &#8230; Jste progresivn\u00ed a inovativn\u00ed v\u00fdrobce informa\u010dn\u00edho syst\u00e9mu?\u00a0Chcete pro sv\u00e9 z\u00e1kazn\u00edky v\u017edy to nejlep\u0161\u00ed? D\u00edky Corpis Maps umo\u017en\u00edte\u00a0va\u0161im z\u00e1kazn\u00edk\u016fm vyu\u017e\u00edt potenci\u00e1l obchodn\u00edch dat na 100%. V mana\u017eersk\u00e9 map\u011b mohou sledovat svoje z\u00e1kazn\u00edky, obchodn\u00ed p\u0159\u00edpady, napl\u00e1novan\u00e9 sch\u016fzky, neuhrazen\u00e9 faktury nebo jak\u00e1koliv jin\u00e1 data, kter\u00e1 jsou ulo\u017eena ve va\u0161em [&hellip;]<\/p>\n","protected":false},"author":5,"featured_media":0,"parent":0,"menu_order":0,"comment_status":"closed","ping_status":"closed","template":"","meta":{"_et_pb_use_builder":"on","_et_pb_old_content":"","_et_gb_content_width":"","footnotes":""},"class_list":["post-3026","page","type-page","status-publish","hentry"],"yoast_head":"<!-- This site is optimized with the Yoast SEO plugin v27.5 - https:\/\/yoast.com\/product\/yoast-seo-wordpress\/ -->\n<title>Integration_new - Corpis Maps<\/title>\n<meta name=\"robots\" content=\"index, follow, max-snippet:-1, max-image-preview:large, max-video-preview:-1\" \/>\n<link rel=\"canonical\" href=\"https:\/\/www.corpismaps.com\/integration\/\" \/>\n<meta property=\"og:locale\" content=\"en_US\" \/>\n<meta property=\"og:type\" content=\"article\" \/>\n<meta property=\"og:title\" content=\"Integration_new - Corpis Maps\" \/>\n<meta property=\"og:description\" content=\"INTEGRACE Integrace Corpis MapsCRM, ERP, Business Intelligence, E-commerce, ... Jste progresivn\u00ed a inovativn\u00ed v\u00fdrobce informa\u010dn\u00edho syst\u00e9mu?\u00a0Chcete pro sv\u00e9 z\u00e1kazn\u00edky v\u017edy to nejlep\u0161\u00ed? D\u00edky Corpis Maps umo\u017en\u00edte\u00a0va\u0161im z\u00e1kazn\u00edk\u016fm vyu\u017e\u00edt potenci\u00e1l obchodn\u00edch dat na 100%. V mana\u017eersk\u00e9 map\u011b mohou sledovat svoje z\u00e1kazn\u00edky, obchodn\u00ed p\u0159\u00edpady, napl\u00e1novan\u00e9 sch\u016fzky, neuhrazen\u00e9 faktury nebo jak\u00e1koliv jin\u00e1 data, kter\u00e1 jsou ulo\u017eena ve va\u0161em [&hellip;]\" \/>\n<meta property=\"og:url\" content=\"https:\/\/www.corpismaps.com\/integration\/\" \/>\n<meta property=\"og:site_name\" content=\"Corpis Maps\" \/>\n<meta name=\"twitter:card\" content=\"summary_large_image\" \/>\n<meta name=\"twitter:label1\" content=\"Est. reading time\" \/>\n\t<meta name=\"twitter:data1\" content=\"4 minutes\" \/>\n<script type=\"application\/ld+json\" class=\"yoast-schema-graph\">{\"@context\":\"https:\\\/\\\/schema.org\",\"@graph\":[{\"@type\":\"WebPage\",\"@id\":\"https:\\\/\\\/www.corpismaps.com\\\/integration\\\/\",\"url\":\"https:\\\/\\\/www.corpismaps.com\\\/integration\\\/\",\"name\":\"Integration_new - Corpis Maps\",\"isPartOf\":{\"@id\":\"https:\\\/\\\/www.corpismaps.com\\\/cs\\\/#website\"},\"datePublished\":\"2020-08-09T09:26:05+00:00\",\"breadcrumb\":{\"@id\":\"https:\\\/\\\/www.corpismaps.com\\\/integration\\\/#breadcrumb\"},\"inLanguage\":\"en-US\",\"potentialAction\":[{\"@type\":\"ReadAction\",\"target\":[\"https:\\\/\\\/www.corpismaps.com\\\/integration\\\/\"]}]},{\"@type\":\"BreadcrumbList\",\"@id\":\"https:\\\/\\\/www.corpismaps.com\\\/integration\\\/#breadcrumb\",\"itemListElement\":[{\"@type\":\"ListItem\",\"position\":1,\"name\":\"Dom\u016f\",\"item\":\"https:\\\/\\\/www.corpismaps.com\\\/en\\\/\"},{\"@type\":\"ListItem\",\"position\":2,\"name\":\"Integration_new\"}]},{\"@type\":\"WebSite\",\"@id\":\"https:\\\/\\\/www.corpismaps.com\\\/cs\\\/#website\",\"url\":\"https:\\\/\\\/www.corpismaps.com\\\/cs\\\/\",\"name\":\"Corpis Maps\",\"description\":\"Unique Configurable Analytic Maps\",\"publisher\":{\"@id\":\"https:\\\/\\\/www.corpismaps.com\\\/cs\\\/#organization\"},\"potentialAction\":[{\"@type\":\"SearchAction\",\"target\":{\"@type\":\"EntryPoint\",\"urlTemplate\":\"https:\\\/\\\/www.corpismaps.com\\\/cs\\\/?s={search_term_string}\"},\"query-input\":{\"@type\":\"PropertyValueSpecification\",\"valueRequired\":true,\"valueName\":\"search_term_string\"}}],\"inLanguage\":\"en-US\"},{\"@type\":\"Organization\",\"@id\":\"https:\\\/\\\/www.corpismaps.com\\\/cs\\\/#organization\",\"name\":\"Corpis Maps\",\"url\":\"https:\\\/\\\/www.corpismaps.com\\\/cs\\\/\",\"logo\":{\"@type\":\"ImageObject\",\"inLanguage\":\"en-US\",\"@id\":\"https:\\\/\\\/www.corpismaps.com\\\/cs\\\/#\\\/schema\\\/logo\\\/image\\\/\",\"url\":\"https:\\\/\\\/www.corpismaps.com\\\/wp-content\\\/uploads\\\/2019\\\/02\\\/mapa-obr.jpg\",\"contentUrl\":\"https:\\\/\\\/www.corpismaps.com\\\/wp-content\\\/uploads\\\/2019\\\/02\\\/mapa-obr.jpg\",\"width\":700,\"height\":500,\"caption\":\"Corpis Maps\"},\"image\":{\"@id\":\"https:\\\/\\\/www.corpismaps.com\\\/cs\\\/#\\\/schema\\\/logo\\\/image\\\/\"},\"sameAs\":[\"https:\\\/\\\/www.linkedin.com\\\/company\\\/10549521\\\/\"]}]}<\/script>\n<!-- \/ Yoast SEO plugin. -->","yoast_head_json":{"title":"Integration_new - Corpis Maps","robots":{"index":"index","follow":"follow","max-snippet":"max-snippet:-1","max-image-preview":"max-image-preview:large","max-video-preview":"max-video-preview:-1"},"canonical":"https:\/\/www.corpismaps.com\/integration\/","og_locale":"en_US","og_type":"article","og_title":"Integration_new - Corpis Maps","og_description":"INTEGRACE Integrace Corpis MapsCRM, ERP, Business Intelligence, E-commerce, ... Jste progresivn\u00ed a inovativn\u00ed v\u00fdrobce informa\u010dn\u00edho syst\u00e9mu?\u00a0Chcete pro sv\u00e9 z\u00e1kazn\u00edky v\u017edy to nejlep\u0161\u00ed? D\u00edky Corpis Maps umo\u017en\u00edte\u00a0va\u0161im z\u00e1kazn\u00edk\u016fm vyu\u017e\u00edt potenci\u00e1l obchodn\u00edch dat na 100%. V mana\u017eersk\u00e9 map\u011b mohou sledovat svoje z\u00e1kazn\u00edky, obchodn\u00ed p\u0159\u00edpady, napl\u00e1novan\u00e9 sch\u016fzky, neuhrazen\u00e9 faktury nebo jak\u00e1koliv jin\u00e1 data, kter\u00e1 jsou ulo\u017eena ve va\u0161em [&hellip;]","og_url":"https:\/\/www.corpismaps.com\/integration\/","og_site_name":"Corpis Maps","twitter_card":"summary_large_image","twitter_misc":{"Est. reading time":"4 minutes"},"schema":{"@context":"https:\/\/schema.org","@graph":[{"@type":"WebPage","@id":"https:\/\/www.corpismaps.com\/integration\/","url":"https:\/\/www.corpismaps.com\/integration\/","name":"Integration_new - Corpis Maps","isPartOf":{"@id":"https:\/\/www.corpismaps.com\/cs\/#website"},"datePublished":"2020-08-09T09:26:05+00:00","breadcrumb":{"@id":"https:\/\/www.corpismaps.com\/integration\/#breadcrumb"},"inLanguage":"en-US","potentialAction":[{"@type":"ReadAction","target":["https:\/\/www.corpismaps.com\/integration\/"]}]},{"@type":"BreadcrumbList","@id":"https:\/\/www.corpismaps.com\/integration\/#breadcrumb","itemListElement":[{"@type":"ListItem","position":1,"name":"Dom\u016f","item":"https:\/\/www.corpismaps.com\/en\/"},{"@type":"ListItem","position":2,"name":"Integration_new"}]},{"@type":"WebSite","@id":"https:\/\/www.corpismaps.com\/cs\/#website","url":"https:\/\/www.corpismaps.com\/cs\/","name":"Corpis Maps","description":"Unique Configurable Analytic Maps","publisher":{"@id":"https:\/\/www.corpismaps.com\/cs\/#organization"},"potentialAction":[{"@type":"SearchAction","target":{"@type":"EntryPoint","urlTemplate":"https:\/\/www.corpismaps.com\/cs\/?s={search_term_string}"},"query-input":{"@type":"PropertyValueSpecification","valueRequired":true,"valueName":"search_term_string"}}],"inLanguage":"en-US"},{"@type":"Organization","@id":"https:\/\/www.corpismaps.com\/cs\/#organization","name":"Corpis Maps","url":"https:\/\/www.corpismaps.com\/cs\/","logo":{"@type":"ImageObject","inLanguage":"en-US","@id":"https:\/\/www.corpismaps.com\/cs\/#\/schema\/logo\/image\/","url":"https:\/\/www.corpismaps.com\/wp-content\/uploads\/2019\/02\/mapa-obr.jpg","contentUrl":"https:\/\/www.corpismaps.com\/wp-content\/uploads\/2019\/02\/mapa-obr.jpg","width":700,"height":500,"caption":"Corpis Maps"},"image":{"@id":"https:\/\/www.corpismaps.com\/cs\/#\/schema\/logo\/image\/"},"sameAs":["https:\/\/www.linkedin.com\/company\/10549521\/"]}]}},"_links":{"self":[{"href":"https:\/\/www.corpismaps.com\/en\/wp-json\/wp\/v2\/pages\/3026","targetHints":{"allow":["GET"]}}],"collection":[{"href":"https:\/\/www.corpismaps.com\/en\/wp-json\/wp\/v2\/pages"}],"about":[{"href":"https:\/\/www.corpismaps.com\/en\/wp-json\/wp\/v2\/types\/page"}],"author":[{"embeddable":true,"href":"https:\/\/www.corpismaps.com\/en\/wp-json\/wp\/v2\/users\/5"}],"replies":[{"embeddable":true,"href":"https:\/\/www.corpismaps.com\/en\/wp-json\/wp\/v2\/comments?post=3026"}],"version-history":[{"count":3,"href":"https:\/\/www.corpismaps.com\/en\/wp-json\/wp\/v2\/pages\/3026\/revisions"}],"predecessor-version":[{"id":3030,"href":"https:\/\/www.corpismaps.com\/en\/wp-json\/wp\/v2\/pages\/3026\/revisions\/3030"}],"wp:attachment":[{"href":"https:\/\/www.corpismaps.com\/en\/wp-json\/wp\/v2\/media?parent=3026"}],"curies":[{"name":"wp","href":"https:\/\/api.w.org\/{rel}","templated":true}]}}